{"id":64,"date":"2023-06-05T15:38:02","date_gmt":"2023-06-05T13:38:39","guid":{"rendered":"http:\/\/eurhena.eu\/les-habitants\/"},"modified":"2026-01-15T11:07:24","modified_gmt":"2026-01-15T10:07:24","slug":"bons-plans-des-habitants","status":"publish","type":"page","link":"https:\/\/eurhena.eu\/de\/teilnehmen\/ihre-worte-und-momente-von-hier\/","title":{"rendered":"Ihre Worte und Momente von hier"},"content":{"rendered":"","protected":false},"excerpt":{"rendered":"","protected":false},"author":1,"featured_media":1311,"parent":26,"menu_order":26,"comment_status":"closed","ping_status":"closed","template":"","meta":{"_acf_changed":false,"_seopress_robots_primary_cat":"","_seopress_titles_title":"Les id\u00e9es de part et d&#039;autres %%sep%% %%sitetitle%%","_seopress_titles_desc":"Le partage est un r\u00e9flexe de convivialit\u00e9 avant d\u2019\u00eatre un verbe des r\u00e9seaux sociaux\u00a0! Il se retrouve dans ces mots sp\u00e9cifiques \u00e0 l\u2019art de vivre d\u2019ici.","_seopress_robots_index":"","inline_featured_image":false,"footnotes":""},"class_list":["post-64","page","type-page","status-publish","has-post-thumbnail","hentry"],"acf":[],"publishpress_future_workflow_manual_trigger":{"enabledWorkflows":[]},"_links":{"self":[{"href":"https:\/\/eurhena.eu\/de\/wp-json\/wp\/v2\/pages\/64","targetHints":{"allow":["GET"]}}],"collection":[{"href":"https:\/\/eurhena.eu\/de\/wp-json\/wp\/v2\/pages"}],"about":[{"href":"https:\/\/eurhena.eu\/de\/wp-json\/wp\/v2\/types\/page"}],"author":[{"embeddable":true,"href":"https:\/\/eurhena.eu\/de\/wp-json\/wp\/v2\/users\/1"}],"replies":[{"embeddable":true,"href":"https:\/\/eurhena.eu\/de\/wp-json\/wp\/v2\/comments?post=64"}],"version-history":[{"count":28,"href":"https:\/\/eurhena.eu\/de\/wp-json\/wp\/v2\/pages\/64\/revisions"}],"predecessor-version":[{"id":2600,"href":"https:\/\/eurhena.eu\/de\/wp-json\/wp\/v2\/pages\/64\/revisions\/2600"}],"up":[{"embeddable":true,"href":"https:\/\/eurhena.eu\/de\/wp-json\/wp\/v2\/pages\/26"}],"wp:featuredmedia":[{"embeddable":true,"href":"https:\/\/eurhena.eu\/de\/wp-json\/wp\/v2\/media\/1311"}],"wp:attachment":[{"href":"https:\/\/eurhena.eu\/de\/wp-json\/wp\/v2\/media?parent=64"}],"curies":[{"name":"wp","href":"https:\/\/api.w.org\/{rel}","templated":true}]}}