{"id":56,"date":"2023-06-05T15:37:21","date_gmt":"2023-06-05T13:37:21","guid":{"rendered":"http:\/\/eurhena.eu\/role-de-leurodistrict\/"},"modified":"2026-01-15T11:07:24","modified_gmt":"2026-01-15T10:07:24","slug":"role-de-leurodistrict","status":"publish","type":"page","link":"https:\/\/eurhena.eu\/de\/finanzieren\/die-aktionen-des-eurodistricts-eurhena\/","title":{"rendered":"Die Aktionen des Eurodistricts Eurhena"},"content":{"rendered":"","protected":false},"excerpt":{"rendered":"","protected":false},"author":1,"featured_media":804,"parent":24,"menu_order":22,"comment_status":"closed","ping_status":"closed","template":"","meta":{"_acf_changed":false,"_seopress_robots_primary_cat":"","_seopress_titles_title":"%%post_title%% %%sep%% %%sitetitle%%","_seopress_titles_desc":"Depuis sa cr\u00e9ation, l\u2019Eurodistrict Region Freiburg - Centre et Sud Alsace a organis\u00e9 plusieurs \u00e9v\u00e9nements dans des th\u00e9matiques diverses.","_seopress_robots_index":"","inline_featured_image":false,"footnotes":""},"class_list":["post-56","page","type-page","status-publish","has-post-thumbnail","hentry"],"acf":[],"publishpress_future_workflow_manual_trigger":{"enabledWorkflows":[]},"_links":{"self":[{"href":"https:\/\/eurhena.eu\/de\/wp-json\/wp\/v2\/pages\/56","targetHints":{"allow":["GET"]}}],"collection":[{"href":"https:\/\/eurhena.eu\/de\/wp-json\/wp\/v2\/pages"}],"about":[{"href":"https:\/\/eurhena.eu\/de\/wp-json\/wp\/v2\/types\/page"}],"author":[{"embeddable":true,"href":"https:\/\/eurhena.eu\/de\/wp-json\/wp\/v2\/users\/1"}],"replies":[{"embeddable":true,"href":"https:\/\/eurhena.eu\/de\/wp-json\/wp\/v2\/comments?post=56"}],"version-history":[{"count":20,"href":"https:\/\/eurhena.eu\/de\/wp-json\/wp\/v2\/pages\/56\/revisions"}],"predecessor-version":[{"id":2607,"href":"https:\/\/eurhena.eu\/de\/wp-json\/wp\/v2\/pages\/56\/revisions\/2607"}],"up":[{"embeddable":true,"href":"https:\/\/eurhena.eu\/de\/wp-json\/wp\/v2\/pages\/24"}],"wp:featuredmedia":[{"embeddable":true,"href":"https:\/\/eurhena.eu\/de\/wp-json\/wp\/v2\/media\/804"}],"wp:attachment":[{"href":"https:\/\/eurhena.eu\/de\/wp-json\/wp\/v2\/media?parent=56"}],"curies":[{"name":"wp","href":"https:\/\/api.w.org\/{rel}","templated":true}]}}