{"id":54,"date":"2023-06-05T15:36:38","date_gmt":"2023-06-05T13:36:38","guid":{"rendered":"http:\/\/eurhena.eu\/liens-utiles\/"},"modified":"2026-01-15T11:07:23","modified_gmt":"2026-01-15T10:07:23","slug":"liens-utiles","status":"publish","type":"page","link":"https:\/\/eurhena.eu\/de\/entdecken\/transport-und-reiserouten\/","title":{"rendered":"Transport und Reiserouten"},"content":{"rendered":"","protected":false},"excerpt":{"rendered":"","protected":false},"author":1,"featured_media":1132,"parent":22,"menu_order":19,"comment_status":"closed","ping_status":"closed","template":"","meta":{"_acf_changed":false,"_seopress_robots_primary_cat":"","_seopress_titles_title":"%%post_title%% %%sep%% %%sitetitle%%","_seopress_titles_desc":"Pouvoir se d\u00e9placer\u00a0 sur son territoire de proximit\u00e9 y compris par-del\u00e0 la fronti\u00e8re est essentiel \u00e0 la constitution d\u2019un bassin de vie transfrontalier.","_seopress_robots_index":"","inline_featured_image":false,"footnotes":""},"class_list":["post-54","page","type-page","status-publish","has-post-thumbnail","hentry"],"acf":[],"publishpress_future_workflow_manual_trigger":{"enabledWorkflows":[]},"_links":{"self":[{"href":"https:\/\/eurhena.eu\/de\/wp-json\/wp\/v2\/pages\/54","targetHints":{"allow":["GET"]}}],"collection":[{"href":"https:\/\/eurhena.eu\/de\/wp-json\/wp\/v2\/pages"}],"about":[{"href":"https:\/\/eurhena.eu\/de\/wp-json\/wp\/v2\/types\/page"}],"author":[{"embeddable":true,"href":"https:\/\/eurhena.eu\/de\/wp-json\/wp\/v2\/users\/1"}],"replies":[{"embeddable":true,"href":"https:\/\/eurhena.eu\/de\/wp-json\/wp\/v2\/comments?post=54"}],"version-history":[{"count":37,"href":"https:\/\/eurhena.eu\/de\/wp-json\/wp\/v2\/pages\/54\/revisions"}],"predecessor-version":[{"id":3491,"href":"https:\/\/eurhena.eu\/de\/wp-json\/wp\/v2\/pages\/54\/revisions\/3491"}],"up":[{"embeddable":true,"href":"https:\/\/eurhena.eu\/de\/wp-json\/wp\/v2\/pages\/22"}],"wp:featuredmedia":[{"embeddable":true,"href":"https:\/\/eurhena.eu\/de\/wp-json\/wp\/v2\/media\/1132"}],"wp:attachment":[{"href":"https:\/\/eurhena.eu\/de\/wp-json\/wp\/v2\/media?parent=54"}],"curies":[{"name":"wp","href":"https:\/\/api.w.org\/{rel}","templated":true}]}}