{"id":48,"date":"2023-06-05T15:36:38","date_gmt":"2023-06-05T13:36:38","guid":{"rendered":"http:\/\/eurhena.eu\/des-idees-de-visite\/"},"modified":"2026-01-15T11:07:23","modified_gmt":"2026-01-15T10:07:23","slug":"des-idees-de-visite","status":"publish","type":"page","link":"https:\/\/eurhena.eu\/de\/entdecken\/besuchen-schmecken-neugierig-sein\/","title":{"rendered":"Besuchen, schmecken, neugierig sein"},"content":{"rendered":"","protected":false},"excerpt":{"rendered":"","protected":false},"author":1,"featured_media":1148,"parent":22,"menu_order":17,"comment_status":"closed","ping_status":"closed","template":"","meta":{"_acf_changed":false,"_seopress_robots_primary_cat":"","_seopress_titles_title":"%%post_title%% %%sep%% %%sitetitle%%","_seopress_titles_desc":"D\u00e9couvrez ici toutes sortes de visites \u00e0 faire avec vos proches, si vous \u00eates en recherche d&#039;id\u00e9e. ","_seopress_robots_index":"","inline_featured_image":false,"footnotes":""},"class_list":["post-48","page","type-page","status-publish","has-post-thumbnail","hentry"],"acf":[],"publishpress_future_workflow_manual_trigger":{"enabledWorkflows":[]},"_links":{"self":[{"href":"https:\/\/eurhena.eu\/de\/wp-json\/wp\/v2\/pages\/48","targetHints":{"allow":["GET"]}}],"collection":[{"href":"https:\/\/eurhena.eu\/de\/wp-json\/wp\/v2\/pages"}],"about":[{"href":"https:\/\/eurhena.eu\/de\/wp-json\/wp\/v2\/types\/page"}],"author":[{"embeddable":true,"href":"https:\/\/eurhena.eu\/de\/wp-json\/wp\/v2\/users\/1"}],"replies":[{"embeddable":true,"href":"https:\/\/eurhena.eu\/de\/wp-json\/wp\/v2\/comments?post=48"}],"version-history":[{"count":16,"href":"https:\/\/eurhena.eu\/de\/wp-json\/wp\/v2\/pages\/48\/revisions"}],"predecessor-version":[{"id":2527,"href":"https:\/\/eurhena.eu\/de\/wp-json\/wp\/v2\/pages\/48\/revisions\/2527"}],"up":[{"embeddable":true,"href":"https:\/\/eurhena.eu\/de\/wp-json\/wp\/v2\/pages\/22"}],"wp:featuredmedia":[{"embeddable":true,"href":"https:\/\/eurhena.eu\/de\/wp-json\/wp\/v2\/media\/1148"}],"wp:attachment":[{"href":"https:\/\/eurhena.eu\/de\/wp-json\/wp\/v2\/media?parent=48"}],"curies":[{"name":"wp","href":"https:\/\/api.w.org\/{rel}","templated":true}]}}