{"id":46,"date":"2023-06-05T15:36:38","date_gmt":"2023-06-05T13:36:38","guid":{"rendered":"http:\/\/eurhena.eu\/des-villes-et-des-ponts\/"},"modified":"2026-01-15T11:07:23","modified_gmt":"2026-01-15T10:07:23","slug":"des-villes-et-des-ponts","status":"publish","type":"page","link":"https:\/\/eurhena.eu\/de\/entdecken\/unsere-landschaften-und-routen-zum-erkunden\/","title":{"rendered":"Unsere Landschaften und Routen zum Erkunden"},"content":{"rendered":"","protected":false},"excerpt":{"rendered":"","protected":false},"author":1,"featured_media":822,"parent":22,"menu_order":16,"comment_status":"closed","ping_status":"closed","template":"","meta":{"_acf_changed":false,"_seopress_robots_primary_cat":"","_seopress_titles_title":"%%post_title%% %%sep%% %%sitetitle%%","_seopress_titles_desc":"Avoir le r\u00e9flexe du curieux, de la d\u00e9couverte semble naturel lorsqu\u2019on habite \u00e0 proximit\u00e9 de fronti\u00e8res. L\u2019Eurodistrict souhaite inciter les habitants \u00e0 adopter ce r\u00e9flexe.","_seopress_robots_index":"","inline_featured_image":false,"footnotes":""},"class_list":["post-46","page","type-page","status-publish","has-post-thumbnail","hentry"],"acf":[],"publishpress_future_workflow_manual_trigger":{"enabledWorkflows":[]},"_links":{"self":[{"href":"https:\/\/eurhena.eu\/de\/wp-json\/wp\/v2\/pages\/46","targetHints":{"allow":["GET"]}}],"collection":[{"href":"https:\/\/eurhena.eu\/de\/wp-json\/wp\/v2\/pages"}],"about":[{"href":"https:\/\/eurhena.eu\/de\/wp-json\/wp\/v2\/types\/page"}],"author":[{"embeddable":true,"href":"https:\/\/eurhena.eu\/de\/wp-json\/wp\/v2\/users\/1"}],"replies":[{"embeddable":true,"href":"https:\/\/eurhena.eu\/de\/wp-json\/wp\/v2\/comments?post=46"}],"version-history":[{"count":46,"href":"https:\/\/eurhena.eu\/de\/wp-json\/wp\/v2\/pages\/46\/revisions"}],"predecessor-version":[{"id":2519,"href":"https:\/\/eurhena.eu\/de\/wp-json\/wp\/v2\/pages\/46\/revisions\/2519"}],"up":[{"embeddable":true,"href":"https:\/\/eurhena.eu\/de\/wp-json\/wp\/v2\/pages\/22"}],"wp:featuredmedia":[{"embeddable":true,"href":"https:\/\/eurhena.eu\/de\/wp-json\/wp\/v2\/media\/822"}],"wp:attachment":[{"href":"https:\/\/eurhena.eu\/de\/wp-json\/wp\/v2\/media?parent=46"}],"curies":[{"name":"wp","href":"https:\/\/api.w.org\/{rel}","templated":true}]}}