{"id":385,"date":"2023-06-14T10:31:36","date_gmt":"2023-06-14T08:31:36","guid":{"rendered":"http:\/\/eurhena.eu\/comprendre\/le-franco-allemand\/comprendre-les-reflexes\/"},"modified":"2026-01-15T11:07:23","modified_gmt":"2026-01-15T10:07:23","slug":"comprendre-les-reflexes","status":"publish","type":"page","link":"https:\/\/eurhena.eu\/de\/verstehen\/die-deutsch-franzosische-freundschaft-und-die-eurodistrict\/","title":{"rendered":"Die Deutsch-franz\u00f6sische Freundschaft und die Eurodistrict"},"content":{"rendered":"","protected":false},"excerpt":{"rendered":"","protected":false},"author":1,"featured_media":1063,"parent":18,"menu_order":5,"comment_status":"closed","ping_status":"closed","template":"","meta":{"_acf_changed":false,"_seopress_robots_primary_cat":"","_seopress_titles_title":"L&#039;amiti\u00e9 transfrontali\u00e8re et les Eurodistricts","_seopress_titles_desc":"Avec leur situation g\u00e9ographique, des besoins \u00e9conomiques de la r\u00e9gion et des besoins sociaux de la population, chaque Eurodistrict fait face \u00e0 des d\u00e9fis diff\u00e9rents.","_seopress_robots_index":"","inline_featured_image":false,"footnotes":""},"class_list":["post-385","page","type-page","status-publish","has-post-thumbnail","hentry"],"acf":[],"publishpress_future_workflow_manual_trigger":{"enabledWorkflows":[]},"_links":{"self":[{"href":"https:\/\/eurhena.eu\/de\/wp-json\/wp\/v2\/pages\/385","targetHints":{"allow":["GET"]}}],"collection":[{"href":"https:\/\/eurhena.eu\/de\/wp-json\/wp\/v2\/pages"}],"about":[{"href":"https:\/\/eurhena.eu\/de\/wp-json\/wp\/v2\/types\/page"}],"author":[{"embeddable":true,"href":"https:\/\/eurhena.eu\/de\/wp-json\/wp\/v2\/users\/1"}],"replies":[{"embeddable":true,"href":"https:\/\/eurhena.eu\/de\/wp-json\/wp\/v2\/comments?post=385"}],"version-history":[{"count":72,"href":"https:\/\/eurhena.eu\/de\/wp-json\/wp\/v2\/pages\/385\/revisions"}],"predecessor-version":[{"id":2441,"href":"https:\/\/eurhena.eu\/de\/wp-json\/wp\/v2\/pages\/385\/revisions\/2441"}],"up":[{"embeddable":true,"href":"https:\/\/eurhena.eu\/de\/wp-json\/wp\/v2\/pages\/18"}],"wp:featuredmedia":[{"embeddable":true,"href":"https:\/\/eurhena.eu\/de\/wp-json\/wp\/v2\/media\/1063"}],"wp:attachment":[{"href":"https:\/\/eurhena.eu\/de\/wp-json\/wp\/v2\/media?parent=385"}],"curies":[{"name":"wp","href":"https:\/\/api.w.org\/{rel}","templated":true}]}}