{"id":32,"date":"2023-06-05T15:35:06","date_gmt":"2023-06-05T13:35:06","guid":{"rendered":"http:\/\/eurhena.eu\/la-cooperation-transfrontaliere\/"},"modified":"2026-01-15T11:07:23","modified_gmt":"2026-01-15T10:07:23","slug":"la-cooperation-transfrontaliere","status":"publish","type":"page","link":"https:\/\/eurhena.eu\/de\/verstehen\/die-5-reflexe-des-eurodistrict\/","title":{"rendered":"Die 5 Reflexe des Eurodistrict"},"content":{"rendered":"","protected":false},"excerpt":{"rendered":"","protected":false},"author":1,"featured_media":645,"parent":18,"menu_order":3,"comment_status":"closed","ping_status":"closed","template":"","meta":{"_acf_changed":false,"_seopress_robots_primary_cat":"","_seopress_titles_title":"D\u00e9couvrez Les 5 R\u00e9flexes de l\u2019Eurodistrict Eurhena","_seopress_titles_desc":"L\u2019Eurodistrict est un organisme de coop\u00e9ration transfrontali\u00e8re. Il a comme mission de d\u00e9velopper une r\u00e9gion transfrontali\u00e8re d\u2019\u00e9changes et d\u2019amiti\u00e9.","_seopress_robots_index":"","inline_featured_image":false,"footnotes":""},"class_list":["post-32","page","type-page","status-publish","has-post-thumbnail","hentry"],"acf":[],"publishpress_future_workflow_manual_trigger":{"enabledWorkflows":[]},"_links":{"self":[{"href":"https:\/\/eurhena.eu\/de\/wp-json\/wp\/v2\/pages\/32","targetHints":{"allow":["GET"]}}],"collection":[{"href":"https:\/\/eurhena.eu\/de\/wp-json\/wp\/v2\/pages"}],"about":[{"href":"https:\/\/eurhena.eu\/de\/wp-json\/wp\/v2\/types\/page"}],"author":[{"embeddable":true,"href":"https:\/\/eurhena.eu\/de\/wp-json\/wp\/v2\/users\/1"}],"replies":[{"embeddable":true,"href":"https:\/\/eurhena.eu\/de\/wp-json\/wp\/v2\/comments?post=32"}],"version-history":[{"count":61,"href":"https:\/\/eurhena.eu\/de\/wp-json\/wp\/v2\/pages\/32\/revisions"}],"predecessor-version":[{"id":4114,"href":"https:\/\/eurhena.eu\/de\/wp-json\/wp\/v2\/pages\/32\/revisions\/4114"}],"up":[{"embeddable":true,"href":"https:\/\/eurhena.eu\/de\/wp-json\/wp\/v2\/pages\/18"}],"wp:featuredmedia":[{"embeddable":true,"href":"https:\/\/eurhena.eu\/de\/wp-json\/wp\/v2\/media\/645"}],"wp:attachment":[{"href":"https:\/\/eurhena.eu\/de\/wp-json\/wp\/v2\/media?parent=32"}],"curies":[{"name":"wp","href":"https:\/\/api.w.org\/{rel}","templated":true}]}}