{"id":30,"date":"2023-06-05T15:35:06","date_gmt":"2023-06-05T13:35:06","guid":{"rendered":"http:\/\/eurhena.eu\/le-programme-interreg-rhin-superieur\/"},"modified":"2026-01-15T11:07:23","modified_gmt":"2026-01-15T10:07:23","slug":"le-programme-interreg-rhin-superieur","status":"publish","type":"page","link":"https:\/\/eurhena.eu\/de\/verstehen\/institutionelle-akteure-der-grenzubergreifenden-kooperation\/","title":{"rendered":"Institutionelle Akteure der grenz\u00fcbergreifenden Kooperation"},"content":{"rendered":"","protected":false},"excerpt":{"rendered":"","protected":false},"author":1,"featured_media":800,"parent":18,"menu_order":4,"comment_status":"closed","ping_status":"closed","template":"","meta":{"_acf_changed":false,"_seopress_robots_primary_cat":"","_seopress_titles_title":"Acteurs institutionnels de la coop\u00e9ration transfrontali\u00e8re","_seopress_titles_desc":"La construction d\u2019une coop\u00e9ration transfrontali\u00e8re dans le Rhin sup\u00e9rieur : un processus en cours.","_seopress_robots_index":"","inline_featured_image":false,"footnotes":""},"class_list":["post-30","page","type-page","status-publish","has-post-thumbnail","hentry"],"acf":[],"publishpress_future_workflow_manual_trigger":{"enabledWorkflows":[]},"_links":{"self":[{"href":"https:\/\/eurhena.eu\/de\/wp-json\/wp\/v2\/pages\/30","targetHints":{"allow":["GET"]}}],"collection":[{"href":"https:\/\/eurhena.eu\/de\/wp-json\/wp\/v2\/pages"}],"about":[{"href":"https:\/\/eurhena.eu\/de\/wp-json\/wp\/v2\/types\/page"}],"author":[{"embeddable":true,"href":"https:\/\/eurhena.eu\/de\/wp-json\/wp\/v2\/users\/1"}],"replies":[{"embeddable":true,"href":"https:\/\/eurhena.eu\/de\/wp-json\/wp\/v2\/comments?post=30"}],"version-history":[{"count":44,"href":"https:\/\/eurhena.eu\/de\/wp-json\/wp\/v2\/pages\/30\/revisions"}],"predecessor-version":[{"id":2461,"href":"https:\/\/eurhena.eu\/de\/wp-json\/wp\/v2\/pages\/30\/revisions\/2461"}],"up":[{"embeddable":true,"href":"https:\/\/eurhena.eu\/de\/wp-json\/wp\/v2\/pages\/18"}],"wp:featuredmedia":[{"embeddable":true,"href":"https:\/\/eurhena.eu\/de\/wp-json\/wp\/v2\/media\/800"}],"wp:attachment":[{"href":"https:\/\/eurhena.eu\/de\/wp-json\/wp\/v2\/media?parent=30"}],"curies":[{"name":"wp","href":"https:\/\/api.w.org\/{rel}","templated":true}]}}