{"id":28,"date":"2023-10-05T15:35:06","date_gmt":"2023-10-05T13:35:06","guid":{"rendered":"http:\/\/eurhena.eu\/leurodistrict\/"},"modified":"2026-03-17T08:29:56","modified_gmt":"2026-03-17T07:29:56","slug":"leurodistrict","status":"publish","type":"page","link":"https:\/\/eurhena.eu\/de\/verstehen\/der-eurodistrict\/","title":{"rendered":"Der Eurodistrict Eurhena"},"content":{"rendered":"","protected":false},"excerpt":{"rendered":"","protected":false},"author":1,"featured_media":1045,"parent":18,"menu_order":2,"comment_status":"closed","ping_status":"closed","template":"","meta":{"_acf_changed":false,"_seopress_robots_primary_cat":"","_seopress_titles_title":"L\u2019Eurodistrict Region Freiburg - Centre et Sud Alsace","_seopress_titles_desc":"Fond\u00e9 par une convention de coop\u00e9ration en 2006, est devenu un GECT (groupement europ\u00e9en de coop\u00e9ration transfrontali\u00e8re) avec une autonomie juridique en 2020.","_seopress_robots_index":"","inline_featured_image":false,"footnotes":""},"class_list":["post-28","page","type-page","status-publish","has-post-thumbnail","hentry"],"acf":[],"publishpress_future_workflow_manual_trigger":{"enabledWorkflows":[]},"_links":{"self":[{"href":"https:\/\/eurhena.eu\/de\/wp-json\/wp\/v2\/pages\/28","targetHints":{"allow":["GET"]}}],"collection":[{"href":"https:\/\/eurhena.eu\/de\/wp-json\/wp\/v2\/pages"}],"about":[{"href":"https:\/\/eurhena.eu\/de\/wp-json\/wp\/v2\/types\/page"}],"author":[{"embeddable":true,"href":"https:\/\/eurhena.eu\/de\/wp-json\/wp\/v2\/users\/1"}],"replies":[{"embeddable":true,"href":"https:\/\/eurhena.eu\/de\/wp-json\/wp\/v2\/comments?post=28"}],"version-history":[{"count":220,"href":"https:\/\/eurhena.eu\/de\/wp-json\/wp\/v2\/pages\/28\/revisions"}],"predecessor-version":[{"id":4438,"href":"https:\/\/eurhena.eu\/de\/wp-json\/wp\/v2\/pages\/28\/revisions\/4438"}],"up":[{"embeddable":true,"href":"https:\/\/eurhena.eu\/de\/wp-json\/wp\/v2\/pages\/18"}],"wp:featuredmedia":[{"embeddable":true,"href":"https:\/\/eurhena.eu\/de\/wp-json\/wp\/v2\/media\/1045"}],"wp:attachment":[{"href":"https:\/\/eurhena.eu\/de\/wp-json\/wp\/v2\/media?parent=28"}],"curies":[{"name":"wp","href":"https:\/\/api.w.org\/{rel}","templated":true}]}}