{"id":18,"date":"2023-06-05T15:34:39","date_gmt":"2023-06-05T13:34:31","guid":{"rendered":"http:\/\/eurhena.eu\/comprendre\/"},"modified":"2026-01-15T11:07:22","modified_gmt":"2026-01-15T10:07:22","slug":"comprendre","status":"publish","type":"page","link":"https:\/\/eurhena.eu\/de\/verstehen\/","title":{"rendered":"Verstehen"},"content":{"rendered":"","protected":false},"excerpt":{"rendered":"","protected":false},"author":1,"featured_media":645,"parent":0,"menu_order":1,"comment_status":"closed","ping_status":"closed","template":"","meta":{"_acf_changed":false,"_seopress_robots_primary_cat":"","_seopress_titles_title":"","_seopress_titles_desc":"Depuis 2023, Eurhena dynamise les \u00e9changes transfrontaliers et consolide la coop\u00e9ration r\u00e9gionale, soutenu par Interreg Rhin sup\u00e9rieur.\r\n","_seopress_robots_index":"","inline_featured_image":false,"footnotes":""},"class_list":["post-18","page","type-page","status-publish","has-post-thumbnail","hentry"],"acf":[],"publishpress_future_workflow_manual_trigger":{"enabledWorkflows":[]},"_links":{"self":[{"href":"https:\/\/eurhena.eu\/de\/wp-json\/wp\/v2\/pages\/18","targetHints":{"allow":["GET"]}}],"collection":[{"href":"https:\/\/eurhena.eu\/de\/wp-json\/wp\/v2\/pages"}],"about":[{"href":"https:\/\/eurhena.eu\/de\/wp-json\/wp\/v2\/types\/page"}],"author":[{"embeddable":true,"href":"https:\/\/eurhena.eu\/de\/wp-json\/wp\/v2\/users\/1"}],"replies":[{"embeddable":true,"href":"https:\/\/eurhena.eu\/de\/wp-json\/wp\/v2\/comments?post=18"}],"version-history":[{"count":13,"href":"https:\/\/eurhena.eu\/de\/wp-json\/wp\/v2\/pages\/18\/revisions"}],"predecessor-version":[{"id":2418,"href":"https:\/\/eurhena.eu\/de\/wp-json\/wp\/v2\/pages\/18\/revisions\/2418"}],"wp:featuredmedia":[{"embeddable":true,"href":"https:\/\/eurhena.eu\/de\/wp-json\/wp\/v2\/media\/645"}],"wp:attachment":[{"href":"https:\/\/eurhena.eu\/de\/wp-json\/wp\/v2\/media?parent=18"}],"curies":[{"name":"wp","href":"https:\/\/api.w.org\/{rel}","templated":true}]}}