{"id":14,"date":"2023-06-05T15:39:39","date_gmt":"2023-06-05T13:39:01","guid":{"rendered":"http:\/\/eurhena.eu\/?page_id=14"},"modified":"2026-01-15T11:02:10","modified_gmt":"2026-01-15T10:02:10","slug":"accueil","status":"publish","type":"page","link":"https:\/\/eurhena.eu\/de\/","title":{"rendered":"Home"},"content":{"rendered":"","protected":false},"excerpt":{"rendered":"","protected":false},"author":1,"featured_media":0,"parent":0,"menu_order":4,"comment_status":"closed","ping_status":"closed","template":"","meta":{"_acf_changed":false,"_seopress_robots_primary_cat":"","_seopress_titles_title":"Eurhena | Eurodistrict Region Freiburg \u2013 Centre et Sud Alsace","_seopress_titles_desc":"Une instance de co-actions transrh\u00e9nanes pour permettre un d\u00e9veloppement des projets, des r\u00e9seaux et des \u00e9changes et une visibilit\u00e9 d\u2019\u00e9cosyst\u00e8mes citoyens, culturels, touristiques, sportifs, naturels en mouvement de part et d\u2019autre du Rhin\u202f et depuis 2025 porteur d'un fonds EURHENA ACT, cofinanc\u00e9 par des fonds europ\u00e9ens Interreg Rhin sup\u00e9rieur:\u00a0","_seopress_robots_index":"","inline_featured_image":false,"footnotes":""},"class_list":["post-14","page","type-page","status-publish","hentry"],"acf":[],"publishpress_future_workflow_manual_trigger":{"enabledWorkflows":[]},"_links":{"self":[{"href":"https:\/\/eurhena.eu\/de\/wp-json\/wp\/v2\/pages\/14","targetHints":{"allow":["GET"]}}],"collection":[{"href":"https:\/\/eurhena.eu\/de\/wp-json\/wp\/v2\/pages"}],"about":[{"href":"https:\/\/eurhena.eu\/de\/wp-json\/wp\/v2\/types\/page"}],"author":[{"embeddable":true,"href":"https:\/\/eurhena.eu\/de\/wp-json\/wp\/v2\/users\/1"}],"replies":[{"embeddable":true,"href":"https:\/\/eurhena.eu\/de\/wp-json\/wp\/v2\/comments?post=14"}],"version-history":[{"count":82,"href":"https:\/\/eurhena.eu\/de\/wp-json\/wp\/v2\/pages\/14\/revisions"}],"predecessor-version":[{"id":4251,"href":"https:\/\/eurhena.eu\/de\/wp-json\/wp\/v2\/pages\/14\/revisions\/4251"}],"wp:attachment":[{"href":"https:\/\/eurhena.eu\/de\/wp-json\/wp\/v2\/media?parent=14"}],"curies":[{"name":"wp","href":"https:\/\/api.w.org\/{rel}","templated":true}]}}